{"id":33,"date":"2026-01-26T14:22:50","date_gmt":"2026-01-26T14:22:50","guid":{"rendered":"https:\/\/x2nohu.com\/?page_id=33"},"modified":"2026-01-26T16:30:44","modified_gmt":"2026-01-26T16:30:44","slug":"trang-chu","status":"publish","type":"page","link":"https:\/\/x2nohu.com\/","title":{"rendered":"Trang ch\u1ee7"},"content":{"rendered":"\t<div class=\"img has-hover x md-x lg-x y md-y lg-y\" id=\"image_2107514482\">\n\t\t<a class=\"\" href=\"https:\/\/x2nohu.com\/qc\/1\" target=\"_blank\" rel=\"noopener\" >\t\t\t\t\t\t<div class=\"img-inner dark\" >\n\t\t\t<img loading=\"lazy\" decoding=\"async\" width=\"1920\" height=\"500\" src=\"https:\/\/x2nohu.com\/wp-content\/uploads\/2026\/01\/2NOHU-thuongbian.jpg\" class=\"attachment-original size-original\" alt=\"nohu\" srcset=\"https:\/\/x2nohu.com\/wp-content\/uploads\/2026\/01\/2NOHU-thuongbian.jpg 1920w, https:\/\/x2nohu.com\/wp-content\/uploads\/2026\/01\/2NOHU-thuongbian-300x78.jpg 300w, https:\/\/x2nohu.com\/wp-content\/uploads\/2026\/01\/2NOHU-thuongbian-1024x267.jpg 1024w, https:\/\/x2nohu.com\/wp-content\/uploads\/2026\/01\/2NOHU-thuongbian-768x200.jpg 768w, https:\/\/x2nohu.com\/wp-content\/uploads\/2026\/01\/2NOHU-thuongbian-1536x400.jpg 1536w\" sizes=\"auto, (max-width: 1920px) 100vw, 1920px\" \/>\t\t\t\t\t\t\n\t\t\t\t\t<\/div>\n\t\t\t\t\t\t<\/a>\t\t\n<style>\n#image_2107514482 {\n  width: 100%;\n}\n<\/style>\n\t<\/div>\n\t\n<div class=\"row row-collapse row-full-width align-center\"  id=\"row-1463535970\">\n\n\t<div id=\"col-159609771\" class=\"col medium-2 large-2\"  >\n\t\t\t\t<div class=\"col-inner text-center\"  >\n\t\t\t\n\t\t\t\n\t<div id=\"gap-1126116194\" class=\"gap-element clearfix\" style=\"display:block; height:auto;\">\n\t\t\n<style>\n#gap-1126116194 {\n  padding-top: 30px;\n}\n<\/style>\n\t<\/div>\n\t\n\t<div id=\"text-980340330\" class=\"text\">\n\t\t\n<h3 style=\"text-align: center;\"><span style=\"font-family: verdana, geneva, sans-serif; color: #ed1c24;\">\u01afu \u0111i\u1ec3m v\u01b0\u1ee3t tr\u1ed9i<\/span><\/h3>\n\t\t\n<style>\n#text-980340330 {\n  color: rgb(231, 47, 47);\n}\n#text-980340330 > * {\n  color: rgb(231, 47, 47);\n}\n<\/style>\n\t<\/div>\n\t\n\t<div class=\"img has-hover x md-x lg-x y md-y lg-y\" id=\"image_827661264\">\n\t\t<a class=\"\" href=\"https:\/\/x2nohu.com\/qc\/2\" target=\"_blank\" rel=\"noopener\">\t\t\t\t\t\t<div class=\"img-inner dark\" >\n\t\t\t<img loading=\"lazy\" decoding=\"async\" width=\"450\" height=\"280\" src=\"https:\/\/x2nohu.com\/wp-content\/uploads\/2026\/01\/banner-thuong-hieu-uy-tin.webp\" class=\"attachment-original size-original\" alt=\"nohu\" srcset=\"https:\/\/x2nohu.com\/wp-content\/uploads\/2026\/01\/banner-thuong-hieu-uy-tin.webp 450w, https:\/\/x2nohu.com\/wp-content\/uploads\/2026\/01\/banner-thuong-hieu-uy-tin-300x187.webp 300w\" sizes=\"auto, (max-width: 450px) 100vw, 450px\" \/>\t\t\t\t\t\t\n\t\t\t\t\t<\/div>\n\t\t\t\t\t\t<\/a>\t\t\n<style>\n#image_827661264 {\n  width: 95%;\n}\n<\/style>\n\t<\/div>\n\t\n\t<div class=\"img has-hover x md-x lg-x y md-y lg-y\" id=\"image_1024161759\">\n\t\t<a class=\"\" href=\"https:\/\/x2nohu.com\/qc\/2\" target=\"_blank\" rel=\"noopener\">\t\t\t\t\t\t<div class=\"img-inner dark\" >\n\t\t\t<img loading=\"lazy\" decoding=\"async\" width=\"450\" height=\"280\" src=\"https:\/\/x2nohu.com\/wp-content\/uploads\/2026\/01\/banner-da-dang-tro-choi.webp\" class=\"attachment-original size-original\" alt=\"nohu\" srcset=\"https:\/\/x2nohu.com\/wp-content\/uploads\/2026\/01\/banner-da-dang-tro-choi.webp 450w, https:\/\/x2nohu.com\/wp-content\/uploads\/2026\/01\/banner-da-dang-tro-choi-300x187.webp 300w\" sizes=\"auto, (max-width: 450px) 100vw, 450px\" \/>\t\t\t\t\t\t\n\t\t\t\t\t<\/div>\n\t\t\t\t\t\t<\/a>\t\t\n<style>\n#image_1024161759 {\n  width: 95%;\n}\n<\/style>\n\t<\/div>\n\t\n\t<div class=\"img has-hover x md-x lg-x y md-y lg-y\" id=\"image_25376539\">\n\t\t<a class=\"\" href=\"https:\/\/x2nohu.com\/qc\/2\" target=\"_blank\" rel=\"noopener\">\t\t\t\t\t\t<div class=\"img-inner dark\" >\n\t\t\t<img loading=\"lazy\" decoding=\"async\" width=\"450\" height=\"280\" src=\"https:\/\/x2nohu.com\/wp-content\/uploads\/2026\/01\/banner-an-toan-bao-mat.webp\" class=\"attachment-original size-original\" alt=\"nohu\" srcset=\"https:\/\/x2nohu.com\/wp-content\/uploads\/2026\/01\/banner-an-toan-bao-mat.webp 450w, https:\/\/x2nohu.com\/wp-content\/uploads\/2026\/01\/banner-an-toan-bao-mat-300x187.webp 300w\" sizes=\"auto, (max-width: 450px) 100vw, 450px\" \/>\t\t\t\t\t\t\n\t\t\t\t\t<\/div>\n\t\t\t\t\t\t<\/a>\t\t\n<style>\n#image_25376539 {\n  width: 95%;\n}\n<\/style>\n\t<\/div>\n\t\n\t<div class=\"img has-hover x md-x lg-x y md-y lg-y\" id=\"image_1022849675\">\n\t\t<a class=\"\" href=\"https:\/\/x2nohu.com\/qc\/2\" target=\"_blank\" rel=\"noopener\">\t\t\t\t\t\t<div class=\"img-inner dark\" >\n\t\t\t<img loading=\"lazy\" decoding=\"async\" width=\"450\" height=\"280\" src=\"https:\/\/x2nohu.com\/wp-content\/uploads\/2026\/01\/banner-giao-dich-than-toc.webp\" class=\"attachment-original size-original\" alt=\"nohu\" srcset=\"https:\/\/x2nohu.com\/wp-content\/uploads\/2026\/01\/banner-giao-dich-than-toc.webp 450w, https:\/\/x2nohu.com\/wp-content\/uploads\/2026\/01\/banner-giao-dich-than-toc-300x187.webp 300w\" sizes=\"auto, (max-width: 450px) 100vw, 450px\" \/>\t\t\t\t\t\t\n\t\t\t\t\t<\/div>\n\t\t\t\t\t\t<\/a>\t\t\n<style>\n#image_1022849675 {\n  width: 95%;\n}\n<\/style>\n\t<\/div>\n\t\n\t\t<\/div>\n\t\t\t\t\t<\/div>\n\n\t\n\n\t<div id=\"col-728157238\" class=\"col medium-7 large-7\"  >\n\t\t\t\t<div class=\"col-inner\"  >\n\t\t\t\n\t\t\t\n\t<div id=\"gap-185714939\" class=\"gap-element clearfix\" style=\"display:block; height:auto;\">\n\t\t\n<style>\n#gap-185714939 {\n  padding-top: 30px;\n}\n<\/style>\n\t<\/div>\n\t\n\t<div id=\"text-3023932401\" class=\"text\">\n\t\t\n<h1 style=\"text-align: center;\"><span style=\"font-family: verdana, geneva, sans-serif;\"><span style=\"color: #ed1c24;\"><a style=\"color: #ed1c24;\" href=\"https:\/\/2nohu.vip\/\" target=\"_blank\" rel=\"noopener\">2NOHU<\/a> &#8211; Link truy c\u1eadp ch\u00ednh th\u1ee9c nohu.com uy t\u00edn ch\u1ea5t l\u01b0\u1ee3ng 2026<\/span><\/span><\/h1>\n\t\t\n<style>\n#text-3023932401 {\n  color: rgb(255,255,255);\n}\n#text-3023932401 > * {\n  color: rgb(255,255,255);\n}\n<\/style>\n\t<\/div>\n\t\n\t<div id=\"text-3623780100\" class=\"text\">\n\t\t\n<blockquote><p><span style=\"font-family: verdana, geneva, sans-serif;\">2NOHU l\u00e0 nh\u00e0 c\u00e1i c\u00e1 c\u01b0\u1ee3c tr\u1ef1c tuy\u1ebfn uy t\u00edn \u0111\u01b0\u1ee3c x\u00e2y d\u1ef1ng theo ti\u00eau chu\u1ea9n qu\u1ed1c t\u1ebf, t\u1eadp trung t\u1ed1i \u01b0u to\u00e0n di\u1ec7n tr\u1ea3i nghi\u1ec7m ng\u01b0\u1eddi ch\u01a1i t\u1eeb c\u00f4ng ngh\u1ec7 v\u1eadn h\u00e0nh, h\u1ec7 sinh th\u00e1i gi\u1ea3i tr\u00ed cho \u0111\u1ebfn d\u1ecbch v\u1ee5 ch\u0103m s\u00f3c kh\u00e1ch h\u00e0ng. Ngay t\u1eeb khi ra m\u1eaft, MB66 \u0111\u00e3 \u0111\u1ea7u t\u01b0 m\u1ea1nh v\u00e0o n\u1ec1n t\u1ea3ng c\u00f4ng ngh\u1ec7 hi\u1ec7n \u0111\u1ea1i, cho ph\u00e9p truy c\u1eadp m\u01b0\u1ee3t m\u00e0 tr\u00ean m\u1ecdi thi\u1ebft b\u1ecb nh\u01b0 m\u00e1y t\u00ednh, \u0111i\u1ec7n tho\u1ea1i, tablet v\u1edbi t\u1ed1c \u0111\u1ed9 t\u1ea3i nhanh, giao di\u1ec7n th\u00e2n thi\u1ec7n v\u00e0 d\u1ec5 s\u1eed d\u1ee5ng, k\u1ec3 c\u1ea3 v\u1edbi ng\u01b0\u1eddi ch\u01a1i m\u1edbi.<\/span><\/p><\/blockquote>\n<h2><span style=\"font-family: verdana, geneva, sans-serif; color: #ed1c24;\">S\u1ea3nh Game 2NOHU \u2013 \u0110a D\u1ea1ng, Chuy\u00ean Nghi\u1ec7p, D\u1ec5 Chi\u1ebfn Th\u1eafng<\/span><\/h2>\n<p><span style=\"font-family: verdana, geneva, sans-serif;\">2NOHU s\u1edf h\u1eefu h\u1ec7 sinh th\u00e1i s\u1ea3nh ch\u01a1i c\u00e1 c\u01b0\u1ee3c to\u00e0n di\u1ec7n, \u0111\u01b0\u1ee3c ch\u1ecdn l\u1ecdc k\u1ef9 l\u01b0\u1ee1ng t\u1eeb c\u00e1c nh\u00e0 cung c\u1ea5p uy t\u00edn h\u00e0ng \u0111\u1ea7u, \u0111\u1ea3m b\u1ea3o t\u00ednh minh b\u1ea1ch v\u00e0 t\u1ef7 l\u1ec7 tr\u1ea3 th\u01b0\u1edfng c\u1ea1nh tranh:<\/span><\/p>\n<ul>\n<li data-start=\"905\" data-end=\"1019\">\n<p data-start=\"907\" data-end=\"1019\"><span style=\"font-family: verdana, geneva, sans-serif;\"><strong>Th\u1ec3 thao:<\/strong>\u00a0C\u1eadp nh\u1eadt h\u00e0ng tr\u0103m k\u00e8o c\u01b0\u1ee3c m\u1ed7i ng\u00e0y, t\u1eeb b\u00f3ng \u0111\u00e1, b\u00f3ng r\u1ed5 \u0111\u1ebfn eSports v\u1edbi t\u1ef7 l\u1ec7 th\u1eafng c\u1ef1c cao.<\/span><\/p>\n<\/li>\n<li data-start=\"1020\" data-end=\"1148\">\n<p data-start=\"1022\" data-end=\"1148\"><span style=\"font-family: verdana, geneva, sans-serif;\"><strong>Casino tr\u1ef1c tuy\u1ebfn:<\/strong>\u00a0Tr\u1ea3i nghi\u1ec7m Baccarat, Blackjack, Roulette, Sicbo v\u1edbi h\u00ecnh \u1ea3nh live tr\u1ef1c ti\u1ebfp, ch\u00e2n th\u1ef1c t\u1eebng gi\u00e2y.<\/span><\/p>\n<\/li>\n<li data-start=\"1149\" data-end=\"1271\">\n<p data-start=\"1151\" data-end=\"1271\"><span style=\"font-family: verdana, geneva, sans-serif;\"><strong>B\u1eafn c\u00e1 3D:<\/strong>\u00a0Hi\u1ec7u \u1ee9ng s\u1ed1ng \u0111\u1ed9ng, \u0111\u1ed3 h\u1ecda c\u1ef1c \u0111\u1ec9nh, d\u1ec5 ch\u01a1i d\u1ec5 tr\u00fang v\u1edbi h\u00e0ng tr\u0103m ph\u1ea7n th\u01b0\u1edfng gi\u00e1 tr\u1ecb.<\/span><\/p>\n<\/li>\n<li data-start=\"562\" data-end=\"649\"><span style=\"font-family: verdana, geneva, sans-serif;\"><strong>Game b\u00e0i 3D:<\/strong>\u00a0Ti\u1ebfn L\u00ean, M\u1eadu Binh, Ph\u1ecfm, X\u00ec T\u1ed1, Poker\u2026 v\u1edbi lu\u1eadt ch\u01a1i chu\u1ea9n qu\u1ed1c t\u1ebf.<\/span><\/li>\n<li data-start=\"652\" data-end=\"735\"><span style=\"font-family: verdana, geneva, sans-serif;\"><strong>N\u1ed5 h\u0169:<\/strong>\u00a0H\u00e0ng tr\u0103m ch\u1ee7 \u0111\u1ec1 t\u1eeb c\u1ed5 \u0111i\u1ec3n \u0111\u1ebfn hi\u1ec7n \u0111\u1ea1i, t\u00edch h\u1ee3p jackpot kh\u1ee7ng.<\/span><\/li>\n<li data-start=\"1272\" data-end=\"1372\">\n<p data-start=\"1274\" data-end=\"1372\"><span style=\"font-family: verdana, geneva, sans-serif;\"><strong>X\u1ed5 s\u1ed1 &amp; L\u00f4 \u0111\u1ec1:<\/strong>\u00a0Keno, x\u1ed5 s\u1ed1 3 mi\u1ec1n, t\u1ef7 l\u1ec7 th\u1eafng 1 \u0103n 99 \u2013 c\u01a1 h\u1ed9i \u0111\u1ed5i \u0111\u1eddi ch\u1ec9 v\u1edbi v\u00e0i gi\u00e2y.<\/span><\/p>\n<\/li>\n<li data-start=\"881\" data-end=\"959\"><span style=\"font-family: verdana, geneva, sans-serif;\"><strong>\u0110\u00e1 g\u00e0 tr\u1ef1c tuy\u1ebfn:<\/strong>\u00a0livestream tr\u1ef1c ti\u1ebfp, c\u00e1 c\u01b0\u1ee3c nhanh ch\u00f3ng, k\u1ecbch t\u00ednh.<\/span><\/li>\n<\/ul>\n<h2><span style=\"font-family: verdana, geneva, sans-serif; color: #ed1c24;\">C\u00f4ng Ngh\u1ec7 T\u1ed1i \u01afu \u2013 B\u1ea3o M\u1eadt Chu\u1ea9n Qu\u1ed1c T\u1ebf \u2013 D\u1ecbch V\u1ee5 \u0110\u1ec9nh Cao<\/span><\/h2>\n<p><span style=\"font-family: verdana, geneva, sans-serif;\">Kh\u00f4ng ch\u1ec9 m\u1ea1nh v\u1ec1 s\u00e2n ch\u01a1i, 2NOHU c\u00f2n n\u1ed5i b\u1eadt v\u1edbi h\u1ec7 th\u1ed1ng b\u1ea3o m\u1eadt \u0111a l\u1edbp chu\u1ea9n qu\u1ed1c t\u1ebf, m\u00e3 h\u00f3a to\u00e0n b\u1ed9 d\u1eef li\u1ec7u v\u00e0 giao d\u1ecbch, \u0111\u1ea3m b\u1ea3o an to\u00e0n tuy\u1ec7t \u0111\u1ed1i cho ng\u01b0\u1eddi ch\u01a1i. Quy tr\u00ecnh n\u1ea1p \u2013 r\u00fat ti\u1ec1n t\u1ea1i 2NOHU \u0111\u01b0\u1ee3c t\u1ed1i \u01b0u h\u00f3a th\u00f4ng minh, x\u1eed l\u00fd nhanh ch\u00f3ng t\u1eeb 1-3 ph\u00fat, linh ho\u1ea1t qua nhi\u1ec1u ph\u01b0\u01a1ng th\u1ee9c ph\u1ed5 bi\u1ebfn.<\/span><\/p>\n<p><span style=\"font-family: verdana, geneva, sans-serif;\">\u0110\u1eb7c bi\u1ec7t, d\u1ecbch v\u1ee5\u00a0ch\u0103m s\u00f3c kh\u00e1ch h\u00e0ng 24\/7\u00a0chuy\u00ean nghi\u1ec7p, t\u1eadn t\u00e2m c\u00f9ng kho\u00a0khuy\u1ebfn m\u00e3i h\u1ea5p d\u1eabn d\u00e0nh cho c\u1ea3 t\u00e2n th\u1ee7 v\u00e0 h\u1ed9i vi\u00ean l\u00e2u n\u0103m ch\u00ednh l\u00e0 y\u1ebfu t\u1ed1 gi\u00fap 2NOHU lu\u00f4n n\u1eb1m trong top nh\u00e0 c\u00e1i c\u00e1 c\u01b0\u1ee3c tr\u1ef1c tuy\u1ebfn uy t\u00edn, b\u1ec1n v\u1eefng v\u00e0 \u0111\u01b0\u1ee3c Google \u0111\u00e1nh gi\u00e1 cao trong n\u0103m 2026.<\/span><\/p>\n<blockquote><p><span style=\"font-family: verdana, geneva, sans-serif;\">\ud83d\udc49 Gia nh\u1eadp 2NOHU ngay h\u00f4m nay t\u1ea1i link ch\u00ednh th\u1ee9c <a href=\"https:\/\/x2nohu.com\/\"><strong><span style=\"color: #ed1c24;\">https:\/\/x2nohu.com\/<\/span><\/strong><\/a>\u00a0\u0111\u1ec3 tr\u1ea3i nghi\u1ec7m n\u1ec1n t\u1ea3ng c\u00e1 c\u01b0\u1ee3c tr\u1ef1c tuy\u1ebfn hi\u1ec7n \u0111\u1ea1i, an to\u00e0n v\u00e0 minh b\u1ea1ch \u2013 n\u01a1i m\u1ecdi s\u00e2n ch\u01a1i, giao d\u1ecbch v\u00e0 d\u1ecbch v\u1ee5 \u0111\u1ec1u \u0111\u01b0\u1ee3c t\u1ed1i \u01b0u nh\u1eb1m mang \u0111\u1ebfn l\u1ee3i th\u1ebf t\u1ed1t nh\u1ea5t cho ng\u01b0\u1eddi ch\u01a1i.<\/span><\/p><\/blockquote>\n\t\t\n<style>\n#text-3623780100 {\n  font-size: 1rem;\n  text-align: left;\n  color: rgb(255,255,255);\n}\n#text-3623780100 > * {\n  color: rgb(255,255,255);\n}\n<\/style>\n\t<\/div>\n\t\n\t\t<\/div>\n\t\t\t\t\t<\/div>\n\n\t\n\n\t<div id=\"col-122550990\" class=\"col medium-2 large-2\"  >\n\t\t\t\t<div class=\"col-inner\"  >\n\t\t\t\n\t\t\t\n\t<div id=\"gap-1799144672\" class=\"gap-element clearfix\" style=\"display:block; height:auto;\">\n\t\t\n<style>\n#gap-1799144672 {\n  padding-top: 30px;\n}\n<\/style>\n\t<\/div>\n\t\n\t<div id=\"text-2422109873\" class=\"text\">\n\t\t\n<h3 style=\"text-align: center;\"><span style=\"font-family: verdana, geneva, sans-serif; color: #ed1c24;\">Khuy\u1ebfn m\u00e3i si\u00eau hot<\/span><\/h3>\n\t\t\n<style>\n#text-2422109873 {\n  color: rgb(231, 47, 47);\n}\n#text-2422109873 > * {\n  color: rgb(231, 47, 47);\n}\n<\/style>\n\t<\/div>\n\t\n\t<div class=\"img has-hover x md-x lg-x y md-y lg-y\" id=\"image_760852942\">\n\t\t<a class=\"\" href=\"https:\/\/x2nohu.com\/qc\/2\" target=\"_blank\" rel=\"noopener\">\t\t\t\t\t\t<div class=\"img-inner dark\" >\n\t\t\t<img loading=\"lazy\" decoding=\"async\" width=\"450\" height=\"280\" src=\"https:\/\/x2nohu.com\/wp-content\/uploads\/2026\/01\/2nohu-tai.png\" class=\"attachment-original size-original\" alt=\"nohu\" srcset=\"https:\/\/x2nohu.com\/wp-content\/uploads\/2026\/01\/2nohu-tai.png 450w, https:\/\/x2nohu.com\/wp-content\/uploads\/2026\/01\/2nohu-tai-300x187.png 300w\" sizes=\"auto, (max-width: 450px) 100vw, 450px\" \/>\t\t\t\t\t\t\n\t\t\t\t\t<\/div>\n\t\t\t\t\t\t<\/a>\t\t\n<style>\n#image_760852942 {\n  width: 95%;\n}\n<\/style>\n\t<\/div>\n\t\n\t<div class=\"img has-hover x md-x lg-x y md-y lg-y\" id=\"image_1139632323\">\n\t\t<a class=\"\" href=\"https:\/\/x2nohu.com\/qc\/2\" target=\"_blank\" rel=\"noopener\">\t\t\t\t\t\t<div class=\"img-inner dark\" >\n\t\t\t<img loading=\"lazy\" decoding=\"async\" width=\"450\" height=\"280\" src=\"https:\/\/x2nohu.com\/wp-content\/uploads\/2026\/01\/2nohu-napd.png\" class=\"attachment-original size-original\" alt=\"\" srcset=\"https:\/\/x2nohu.com\/wp-content\/uploads\/2026\/01\/2nohu-napd.png 450w, https:\/\/x2nohu.com\/wp-content\/uploads\/2026\/01\/2nohu-napd-300x187.png 300w\" sizes=\"auto, (max-width: 450px) 100vw, 450px\" \/>\t\t\t\t\t\t\n\t\t\t\t\t<\/div>\n\t\t\t\t\t\t<\/a>\t\t\n<style>\n#image_1139632323 {\n  width: 95%;\n}\n<\/style>\n\t<\/div>\n\t\n\t<div class=\"img has-hover x md-x lg-x y md-y lg-y\" id=\"image_621340783\">\n\t\t<a class=\"\" href=\"https:\/\/x2nohu.com\/qc\/2\" target=\"_blank\" rel=\"noopener\">\t\t\t\t\t\t<div class=\"img-inner dark\" >\n\t\t\t<img loading=\"lazy\" decoding=\"async\" width=\"450\" height=\"280\" src=\"https:\/\/x2nohu.com\/wp-content\/uploads\/2026\/01\/2nohu-gt.png\" class=\"attachment-original size-original\" alt=\"\" srcset=\"https:\/\/x2nohu.com\/wp-content\/uploads\/2026\/01\/2nohu-gt.png 450w, https:\/\/x2nohu.com\/wp-content\/uploads\/2026\/01\/2nohu-gt-300x187.png 300w\" sizes=\"auto, (max-width: 450px) 100vw, 450px\" \/>\t\t\t\t\t\t\n\t\t\t\t\t<\/div>\n\t\t\t\t\t\t<\/a>\t\t\n<style>\n#image_621340783 {\n  width: 95%;\n}\n<\/style>\n\t<\/div>\n\t\n\t<div class=\"img has-hover x md-x lg-x y md-y lg-y\" id=\"image_1908115397\">\n\t\t<a class=\"\" href=\"https:\/\/x2nohu.com\/qc\/2\" target=\"_blank\" rel=\"noopener\">\t\t\t\t\t\t<div class=\"img-inner dark\" >\n\t\t\t<img loading=\"lazy\" decoding=\"async\" width=\"450\" height=\"280\" src=\"https:\/\/x2nohu.com\/wp-content\/uploads\/2026\/01\/2nohu-vip.png\" class=\"attachment-original size-original\" alt=\"\" srcset=\"https:\/\/x2nohu.com\/wp-content\/uploads\/2026\/01\/2nohu-vip.png 450w, https:\/\/x2nohu.com\/wp-content\/uploads\/2026\/01\/2nohu-vip-300x187.png 300w\" sizes=\"auto, (max-width: 450px) 100vw, 450px\" \/>\t\t\t\t\t\t\n\t\t\t\t\t<\/div>\n\t\t\t\t\t\t<\/a>\t\t\n<style>\n#image_1908115397 {\n  width: 95%;\n}\n<\/style>\n\t<\/div>\n\t\n\t\t<\/div>\n\t\t\t\t\t<\/div>\n\n\t\n<\/div>\n","protected":false},"excerpt":{"rendered":"","protected":false},"author":1,"featured_media":11,"parent":0,"menu_order":0,"comment_status":"closed","ping_status":"closed","template":"","meta":{"footnotes":""},"class_list":["post-33","page","type-page","status-publish","has-post-thumbnail","hentry"],"_links":{"self":[{"href":"https:\/\/x2nohu.com\/index.php?rest_route=\/wp\/v2\/pages\/33","targetHints":{"allow":["GET"]}}],"collection":[{"href":"https:\/\/x2nohu.com\/index.php?rest_route=\/wp\/v2\/pages"}],"about":[{"href":"https:\/\/x2nohu.com\/index.php?rest_route=\/wp\/v2\/types\/page"}],"author":[{"embeddable":true,"href":"https:\/\/x2nohu.com\/index.php?rest_route=\/wp\/v2\/users\/1"}],"replies":[{"embeddable":true,"href":"https:\/\/x2nohu.com\/index.php?rest_route=%2Fwp%2Fv2%2Fcomments&post=33"}],"version-history":[{"count":15,"href":"https:\/\/x2nohu.com\/index.php?rest_route=\/wp\/v2\/pages\/33\/revisions"}],"predecessor-version":[{"id":72,"href":"https:\/\/x2nohu.com\/index.php?rest_route=\/wp\/v2\/pages\/33\/revisions\/72"}],"wp:featuredmedia":[{"embeddable":true,"href":"https:\/\/x2nohu.com\/index.php?rest_route=\/wp\/v2\/media\/11"}],"wp:attachment":[{"href":"https:\/\/x2nohu.com\/index.php?rest_route=%2Fwp%2Fv2%2Fmedia&parent=33"}],"curies":[{"name":"wp","href":"https:\/\/api.w.org\/{rel}","templated":true}]}}